{"id":931,"date":"2024-05-08T13:05:14","date_gmt":"2024-05-08T11:05:14","guid":{"rendered":"https:\/\/info.euskoos.eus\/gliders\/"},"modified":"2024-11-12T16:55:13","modified_gmt":"2024-11-12T15:55:13","slug":"gliders","status":"publish","type":"page","link":"https:\/\/info.euskoos.eus\/fr\/gliders\/","title":{"rendered":"Gliders"},"content":{"rendered":"\t\t<div data-elementor-type=\"wp-page\" data-elementor-id=\"931\" class=\"elementor elementor-931\">\n\t\t\t\t\t\t<section class=\"elementor-section elementor-top-section elementor-element elementor-element-71e62ce elementor-section-height-min-height elementor-section-boxed elementor-section-height-default elementor-section-items-middle\" data-id=\"71e62ce\" data-element_type=\"section\" data-settings=\"{&quot;background_background&quot;:&quot;classic&quot;}\">\n\t\t\t\t\t\t\t<div class=\"elementor-background-overlay\"><\/div>\n\t\t\t\t\t\t\t<div class=\"elementor-container elementor-column-gap-default\">\n\t\t\t\t\t<div class=\"elementor-column elementor-col-100 elementor-top-column elementor-element elementor-element-9ec672b\" data-id=\"9ec672b\" data-element_type=\"column\">\n\t\t\t<div class=\"elementor-widget-wrap elementor-element-populated\">\n\t\t\t\t\t\t<div class=\"elementor-element elementor-element-d8baf26 elementor-widget elementor-widget-heading\" data-id=\"d8baf26\" data-element_type=\"widget\" data-widget_type=\"heading.default\">\n\t\t\t\t<div class=\"elementor-widget-container\">\n\t\t\t\t\t<h1 class=\"elementor-heading-title elementor-size-default\">Gliders<\/h1>\t\t\t\t<\/div>\n\t\t\t\t<\/div>\n\t\t\t\t\t<\/div>\n\t\t<\/div>\n\t\t\t\t\t<\/div>\n\t\t<\/section>\n\t\t\t\t<section class=\"elementor-section elementor-top-section elementor-element elementor-element-be8c908 elementor-section-boxed elementor-section-height-default elementor-section-height-default\" data-id=\"be8c908\" data-element_type=\"section\" data-settings=\"{&quot;background_background&quot;:&quot;classic&quot;}\">\n\t\t\t\t\t\t<div class=\"elementor-container elementor-column-gap-default\">\n\t\t\t\t\t<div class=\"elementor-column elementor-col-100 elementor-top-column elementor-element elementor-element-0b4d532\" data-id=\"0b4d532\" data-element_type=\"column\">\n\t\t\t<div class=\"elementor-widget-wrap elementor-element-populated\">\n\t\t\t\t\t\t<section class=\"elementor-section elementor-inner-section elementor-element elementor-element-a04c302 elementor-section-content-middle elementor-reverse-mobile elementor-section-boxed elementor-section-height-default elementor-section-height-default\" data-id=\"a04c302\" data-element_type=\"section\">\n\t\t\t\t\t\t<div class=\"elementor-container elementor-column-gap-default\">\n\t\t\t\t\t<div class=\"elementor-column elementor-col-50 elementor-inner-column elementor-element elementor-element-49a2afc\" data-id=\"49a2afc\" data-element_type=\"column\" data-settings=\"{&quot;background_background&quot;:&quot;classic&quot;}\">\n\t\t\t<div class=\"elementor-widget-wrap elementor-element-populated\">\n\t\t\t\t\t\t<div class=\"elementor-element elementor-element-fe248c2 elementor-widget elementor-widget-heading\" data-id=\"fe248c2\" data-element_type=\"widget\" data-widget_type=\"heading.default\">\n\t\t\t\t<div class=\"elementor-widget-container\">\n\t\t\t\t\t<h2 class=\"elementor-heading-title elementor-size-default\">V\u00e9hicules sous-marins autonomes<\/h2>\t\t\t\t<\/div>\n\t\t\t\t<\/div>\n\t\t\t\t<div class=\"elementor-element elementor-element-919e924 elementor-widget-divider--view-line elementor-widget elementor-widget-divider\" data-id=\"919e924\" data-element_type=\"widget\" data-widget_type=\"divider.default\">\n\t\t\t\t<div class=\"elementor-widget-container\">\n\t\t\t\t\t\t\t<div class=\"elementor-divider\">\n\t\t\t<span class=\"elementor-divider-separator\">\n\t\t\t\t\t\t<\/span>\n\t\t<\/div>\n\t\t\t\t\t\t<\/div>\n\t\t\t\t<\/div>\n\t\t\t\t<div class=\"elementor-element elementor-element-639d101 elementor-widget elementor-widget-text-editor\" data-id=\"639d101\" data-element_type=\"widget\" data-widget_type=\"text-editor.default\">\n\t\t\t\t<div class=\"elementor-widget-container\">\n\t\t\t\t\t\t\t\t\t<p>Les gliders sont des v\u00e9hicules sous-marins autonomes d\u00e9pourvus d\u2019h\u00e9lices ou de propulseurs traditionnels qui avancent et se dirigent en modifiant leur flottabilit\u00e9 et la r\u00e9partition interne de leur poids. Cette particularit\u00e9 leur permet de prendre des mesures dans un environnement silencieux et augmente leur autonomie en mer. Ces v\u00e9hicules permettent de r\u00e9aliser des observations de grande envergure, aussi bien en termes de dur\u00e9e que d\u2019\u00e9tendue couverte. Gr\u00e2ce \u00e0 eux, les missions d\u2019\u00e9chantillonnage oc\u00e9anique sont pass\u00e9es de quelques heures \u00e0 plusieurs semaines, voire plusieurs mois, et peuvent couvrir plusieurs centaines de kilom\u00e8tres.<\/p><p>Le syst\u00e8me de v\u00e9hicules autonomes d\u2019AZTI a vu le jour en 2022. \u00c0 ce jour, diff\u00e9rentes missions ont \u00e9t\u00e9 r\u00e9alis\u00e9es dans le golfe de Biscaye. Ces missions, effectu\u00e9es en utilisant diff\u00e9rentes t\u00eates de capteurs, concernaient l\u2019hydrographie, la biog\u00e9ochimie et la r\u00e9partition des esp\u00e8ces p\u00e9lagiques. Le syst\u00e8me de v\u00e9hicules autonomes comprend deux gliders SEAEXPLORER et trois t\u00eates de capteurs (payloads) interchangeables d\u2019une vitesse de navigation de 0,5\/1\u00a0n\u0153ud.<\/p>\t\t\t\t\t\t\t\t<\/div>\n\t\t\t\t<\/div>\n\t\t\t\t\t<\/div>\n\t\t<\/div>\n\t\t\t\t<div class=\"elementor-column elementor-col-50 elementor-inner-column elementor-element elementor-element-15fa99c\" data-id=\"15fa99c\" data-element_type=\"column\">\n\t\t\t<div class=\"elementor-widget-wrap elementor-element-populated\">\n\t\t\t\t\t\t<div class=\"elementor-element elementor-element-397ec29 elementor-widget elementor-widget-image\" data-id=\"397ec29\" data-element_type=\"widget\" data-widget_type=\"image.default\">\n\t\t\t\t<div class=\"elementor-widget-container\">\n\t\t\t\t\t\t\t\t\t\t\t\t\t\t\t<img decoding=\"async\" src=\"https:\/\/info.euskoos.eus\/wp-content\/uploads\/elementor\/thumbs\/glider_pasaia_glider_port-qnuvrwsnp0qxi5juoh2d6jgfw3s3es6om21vl4pks0.jpg\" title=\"glider_pasaia_glider_port\" alt=\"glider_pasaia_glider_port\" loading=\"lazy\" \/>\t\t\t\t\t\t\t\t\t\t\t\t\t\t\t<\/div>\n\t\t\t\t<\/div>\n\t\t\t\t<div class=\"elementor-element elementor-element-424780d elementor-widget elementor-widget-image\" data-id=\"424780d\" data-element_type=\"widget\" data-widget_type=\"image.default\">\n\t\t\t\t<div class=\"elementor-widget-container\">\n\t\t\t\t\t\t\t\t\t\t\t\t\t\t\t<img fetchpriority=\"high\" decoding=\"async\" width=\"400\" height=\"300\" src=\"https:\/\/info.euskoos.eus\/wp-content\/uploads\/2024\/05\/glider_euskoos.jpg\" class=\"attachment-large size-large wp-image-627\" alt=\"glider_euskoos\" srcset=\"https:\/\/info.euskoos.eus\/wp-content\/uploads\/2024\/05\/glider_euskoos.jpg 400w, https:\/\/info.euskoos.eus\/wp-content\/uploads\/2024\/05\/glider_euskoos-300x225.jpg 300w\" sizes=\"(max-width: 400px) 100vw, 400px\" \/>\t\t\t\t\t\t\t\t\t\t\t\t\t\t\t<\/div>\n\t\t\t\t<\/div>\n\t\t\t\t\t<\/div>\n\t\t<\/div>\n\t\t\t\t\t<\/div>\n\t\t<\/section>\n\t\t\t\t\t<\/div>\n\t\t<\/div>\n\t\t\t\t\t<\/div>\n\t\t<\/section>\n\t\t\t\t<section class=\"elementor-section elementor-top-section elementor-element elementor-element-6f05b32 elementor-section-boxed elementor-section-height-default elementor-section-height-default\" data-id=\"6f05b32\" data-element_type=\"section\" data-settings=\"{&quot;background_background&quot;:&quot;classic&quot;}\">\n\t\t\t\t\t\t<div class=\"elementor-container elementor-column-gap-default\">\n\t\t\t\t\t<div class=\"elementor-column elementor-col-50 elementor-top-column elementor-element elementor-element-f15b413\" data-id=\"f15b413\" data-element_type=\"column\" data-settings=\"{&quot;background_background&quot;:&quot;classic&quot;}\">\n\t\t\t<div class=\"elementor-widget-wrap elementor-element-populated\">\n\t\t\t\t\t\t<div class=\"elementor-element elementor-element-6b93192 elementor-widget elementor-widget-heading\" data-id=\"6b93192\" data-element_type=\"widget\" data-widget_type=\"heading.default\">\n\t\t\t\t<div class=\"elementor-widget-container\">\n\t\t\t\t\t<h2 class=\"elementor-heading-title elementor-size-default\">Caract\u00e9ristiques des gliders<\/h2>\t\t\t\t<\/div>\n\t\t\t\t<\/div>\n\t\t\t\t<div class=\"elementor-element elementor-element-e9dac2e elementor-widget elementor-widget-text-editor\" data-id=\"e9dac2e\" data-element_type=\"widget\" data-widget_type=\"text-editor.default\">\n\t\t\t\t<div class=\"elementor-widget-container\">\n\t\t\t\t\t\t\t\t\t<h3><span style=\"color: #ffffff;\"><strong>Renforc\u00e9 en 2022 et 2023, le syst\u00e8me de v\u00e9hicules autonomes comprend deux gliders SEAEXPLORER et trois sortes des payloads.<\/strong><\/span><\/h3>\t\t\t\t\t\t\t\t<\/div>\n\t\t\t\t<\/div>\n\t\t\t\t<div class=\"elementor-element elementor-element-573653a elementor-widget elementor-widget-heading\" data-id=\"573653a\" data-element_type=\"widget\" data-widget_type=\"heading.default\">\n\t\t\t\t<div class=\"elementor-widget-container\">\n\t\t\t\t\t<h4 class=\"elementor-heading-title elementor-size-default\">Caract\u00e9ristiques de chaque v\u00e9hicule :<\/h4>\t\t\t\t<\/div>\n\t\t\t\t<\/div>\n\t\t\t\t<div class=\"elementor-element elementor-element-00e7917 elementor-icon-list--layout-traditional elementor-list-item-link-full_width elementor-widget elementor-widget-icon-list\" data-id=\"00e7917\" data-element_type=\"widget\" data-widget_type=\"icon-list.default\">\n\t\t\t\t<div class=\"elementor-widget-container\">\n\t\t\t\t\t\t\t<ul class=\"elementor-icon-list-items\">\n\t\t\t\t\t\t\t<li class=\"elementor-icon-list-item\">\n\t\t\t\t\t\t\t\t\t\t\t<span class=\"elementor-icon-list-icon\">\n\t\t\t\t\t\t\t<i aria-hidden=\"true\" class=\"fas fa-dot-circle\"><\/i>\t\t\t\t\t\t<\/span>\n\t\t\t\t\t\t\t\t\t\t<span class=\"elementor-icon-list-text\">Poids 61 kg<\/span>\n\t\t\t\t\t\t\t\t\t<\/li>\n\t\t\t\t\t\t<\/ul>\n\t\t\t\t\t\t<\/div>\n\t\t\t\t<\/div>\n\t\t\t\t<div class=\"elementor-element elementor-element-0b4842b elementor-icon-list--layout-traditional elementor-list-item-link-full_width elementor-widget elementor-widget-icon-list\" data-id=\"0b4842b\" data-element_type=\"widget\" data-widget_type=\"icon-list.default\">\n\t\t\t\t<div class=\"elementor-widget-container\">\n\t\t\t\t\t\t\t<ul class=\"elementor-icon-list-items\">\n\t\t\t\t\t\t\t<li class=\"elementor-icon-list-item\">\n\t\t\t\t\t\t\t\t\t\t\t<span class=\"elementor-icon-list-icon\">\n\t\t\t\t\t\t\t<i aria-hidden=\"true\" class=\"fas fa-dot-circle\"><\/i>\t\t\t\t\t\t<\/span>\n\t\t\t\t\t\t\t\t\t\t<span class=\"elementor-icon-list-text\">Profondeur atteinte : 1000 m<\/span>\n\t\t\t\t\t\t\t\t\t<\/li>\n\t\t\t\t\t\t<\/ul>\n\t\t\t\t\t\t<\/div>\n\t\t\t\t<\/div>\n\t\t\t\t<div class=\"elementor-element elementor-element-41942e9 elementor-icon-list--layout-traditional elementor-list-item-link-full_width elementor-widget elementor-widget-icon-list\" data-id=\"41942e9\" data-element_type=\"widget\" data-widget_type=\"icon-list.default\">\n\t\t\t\t<div class=\"elementor-widget-container\">\n\t\t\t\t\t\t\t<ul class=\"elementor-icon-list-items\">\n\t\t\t\t\t\t\t<li class=\"elementor-icon-list-item\">\n\t\t\t\t\t\t\t\t\t\t\t<span class=\"elementor-icon-list-icon\">\n\t\t\t\t\t\t\t<i aria-hidden=\"true\" class=\"fas fa-dot-circle\"><\/i>\t\t\t\t\t\t<\/span>\n\t\t\t\t\t\t\t\t\t\t<span class=\"elementor-icon-list-text\">Vitesse de navigation : 0,5-1 n\u0153ud<\/span>\n\t\t\t\t\t\t\t\t\t<\/li>\n\t\t\t\t\t\t<\/ul>\n\t\t\t\t\t\t<\/div>\n\t\t\t\t<\/div>\n\t\t\t\t<div class=\"elementor-element elementor-element-eb070b4 elementor-icon-list--layout-traditional elementor-list-item-link-full_width elementor-widget elementor-widget-icon-list\" data-id=\"eb070b4\" data-element_type=\"widget\" data-widget_type=\"icon-list.default\">\n\t\t\t\t<div class=\"elementor-widget-container\">\n\t\t\t\t\t\t\t<ul class=\"elementor-icon-list-items\">\n\t\t\t\t\t\t\t<li class=\"elementor-icon-list-item\">\n\t\t\t\t\t\t\t\t\t\t\t<span class=\"elementor-icon-list-icon\">\n\t\t\t\t\t\t\t<i aria-hidden=\"true\" class=\"fas fa-dot-circle\"><\/i>\t\t\t\t\t\t<\/span>\n\t\t\t\t\t\t\t\t\t\t<span class=\"elementor-icon-list-text\">Longueur : 3 m<\/span>\n\t\t\t\t\t\t\t\t\t<\/li>\n\t\t\t\t\t\t<\/ul>\n\t\t\t\t\t\t<\/div>\n\t\t\t\t<\/div>\n\t\t\t\t<div class=\"elementor-element elementor-element-166e56b elementor-widget elementor-widget-heading\" data-id=\"166e56b\" data-element_type=\"widget\" data-widget_type=\"heading.default\">\n\t\t\t\t<div class=\"elementor-widget-container\">\n\t\t\t\t\t<h4 class=\"elementor-heading-title elementor-size-default\">Caract\u00e9ristiques des t\u00eates coupl\u00e9es aux v\u00e9hicules autonomes :<\/h4>\t\t\t\t<\/div>\n\t\t\t\t<\/div>\n\t\t\t\t<div class=\"elementor-element elementor-element-872104f elementor-tabs-view-horizontal elementor-widget elementor-widget-tabs\" data-id=\"872104f\" data-element_type=\"widget\" data-widget_type=\"tabs.default\">\n\t\t\t\t<div class=\"elementor-widget-container\">\n\t\t\t\t\t\t\t<div class=\"elementor-tabs\">\n\t\t\t<div class=\"elementor-tabs-wrapper\" role=\"tablist\" >\n\t\t\t\t\t\t\t\t\t<div id=\"elementor-tab-title-1411\" class=\"elementor-tab-title elementor-tab-desktop-title\" aria-selected=\"true\" data-tab=\"1\" role=\"tab\" tabindex=\"0\" aria-controls=\"elementor-tab-content-1411\" aria-expanded=\"false\">OPTION 1<\/div>\n\t\t\t\t\t\t\t\t\t<div id=\"elementor-tab-title-1412\" class=\"elementor-tab-title elementor-tab-desktop-title\" aria-selected=\"false\" data-tab=\"2\" role=\"tab\" tabindex=\"-1\" aria-controls=\"elementor-tab-content-1412\" aria-expanded=\"false\">OPTION 2<\/div>\n\t\t\t\t\t\t\t\t\t<div id=\"elementor-tab-title-1413\" class=\"elementor-tab-title elementor-tab-desktop-title\" aria-selected=\"false\" data-tab=\"3\" role=\"tab\" tabindex=\"-1\" aria-controls=\"elementor-tab-content-1413\" aria-expanded=\"false\">OPTION 3<\/div>\n\t\t\t\t\t\t\t<\/div>\n\t\t\t<div class=\"elementor-tabs-content-wrapper\" role=\"tablist\" aria-orientation=\"vertical\">\n\t\t\t\t\t\t\t\t\t<div class=\"elementor-tab-title elementor-tab-mobile-title\" aria-selected=\"true\" data-tab=\"1\" role=\"tab\" tabindex=\"0\" aria-controls=\"elementor-tab-content-1411\" aria-expanded=\"false\">OPTION 1<\/div>\n\t\t\t\t\t<div id=\"elementor-tab-content-1411\" class=\"elementor-tab-content elementor-clearfix\" data-tab=\"1\" role=\"tabpanel\" aria-labelledby=\"elementor-tab-title-1411\" tabindex=\"0\" hidden=\"false\"><ul><li><span style=\"color: #ffffff;\">Capteur CTD (sans pompe)\u00a0: RBRlegato3 CTD sensor\u00a0<\/span><\/li><li><span style=\"color: #ffffff;\">Capteur d\u2019oxyg\u00e8ne dissous (OD)\u00a0: RBRcoda T.ODO. sensor\u00a0<\/span><\/li><li><span style=\"color: #ffffff;\">Capteur de chlorophylle (470\/695\u00a0nm) + turbidit\u00e9 (700\u00a0nm) + CDOM (370\/460\u00a0nm)\u00a0: WETLabs ECO Puck FLBBCD sensor\u00a0<\/span><\/li><li><span style=\"color: #ffffff;\">Capteur de nitrate\u00a0: DeepSuna Sea-Bird sensor\u00a0<\/span><\/li><\/ul><\/div>\n\t\t\t\t\t\t\t\t\t<div class=\"elementor-tab-title elementor-tab-mobile-title\" aria-selected=\"false\" data-tab=\"2\" role=\"tab\" tabindex=\"-1\" aria-controls=\"elementor-tab-content-1412\" aria-expanded=\"false\">OPTION 2<\/div>\n\t\t\t\t\t<div id=\"elementor-tab-content-1412\" class=\"elementor-tab-content elementor-clearfix\" data-tab=\"2\" role=\"tabpanel\" aria-labelledby=\"elementor-tab-title-1412\" tabindex=\"0\" hidden=\"hidden\"><ul><li><span style=\"color: #ffffff;\">Capteur CTD (sans pompe)\u00a0: RBRlegato3 CTD sensor\u00a0<\/span><\/li><li><span style=\"color: #ffffff;\">\u00c9chosondeur\u00a0: Imagenex ES853 echosounder sensor\u00a0<\/span><\/li><\/ul><\/div>\n\t\t\t\t\t\t\t\t\t<div class=\"elementor-tab-title elementor-tab-mobile-title\" aria-selected=\"false\" data-tab=\"3\" role=\"tab\" tabindex=\"-1\" aria-controls=\"elementor-tab-content-1413\" aria-expanded=\"false\">OPTION 3<\/div>\n\t\t\t\t\t<div id=\"elementor-tab-content-1413\" class=\"elementor-tab-content elementor-clearfix\" data-tab=\"3\" role=\"tabpanel\" aria-labelledby=\"elementor-tab-title-1413\" tabindex=\"0\" hidden=\"hidden\"><ul><li><span style=\"color: #ffffff;\">Capteur CTD (sans pompe)\u00a0: RBRlegato3 CTD sensor\u00a0<\/span><\/li><li><span style=\"color: #ffffff;\">Capteur d\u2019oxyg\u00e8ne dissous (OD)\u00a0: RBRcoda T.ODO. sensor\u00a0<\/span><\/li><li><span style=\"color: #ffffff;\">Capteur de chlorophylle (470\/695\u00a0nm) + turbidit\u00e9 (700\u00a0nm) + CDOM (370\/460\u00a0nm)\u00a0: WETLabs ECO Puck FLBBCD sensor\u00a0<\/span><\/li><\/ul><\/div>\n\t\t\t\t\t\t\t<\/div>\n\t\t<\/div>\n\t\t\t\t\t\t<\/div>\n\t\t\t\t<\/div>\n\t\t\t\t\t<\/div>\n\t\t<\/div>\n\t\t\t\t<div class=\"elementor-column elementor-col-50 elementor-top-column elementor-element elementor-element-939a9be\" data-id=\"939a9be\" data-element_type=\"column\">\n\t\t\t<div class=\"elementor-widget-wrap elementor-element-populated\">\n\t\t\t\t\t\t<div class=\"elementor-element elementor-element-1d25105 elementor-widget elementor-widget-image\" data-id=\"1d25105\" data-element_type=\"widget\" data-widget_type=\"image.default\">\n\t\t\t\t<div class=\"elementor-widget-container\">\n\t\t\t\t\t\t\t\t\t\t\t\t\t\t\t<img decoding=\"async\" width=\"329\" height=\"533\" src=\"https:\/\/info.euskoos.eus\/wp-content\/uploads\/2024\/05\/glider_vehiculo_autonomo.jpg\" class=\"attachment-large size-large wp-image-647\" alt=\"\" srcset=\"https:\/\/info.euskoos.eus\/wp-content\/uploads\/2024\/05\/glider_vehiculo_autonomo.jpg 329w, https:\/\/info.euskoos.eus\/wp-content\/uploads\/2024\/05\/glider_vehiculo_autonomo-185x300.jpg 185w\" sizes=\"(max-width: 329px) 100vw, 329px\" \/>\t\t\t\t\t\t\t\t\t\t\t\t\t\t\t<\/div>\n\t\t\t\t<\/div>\n\t\t\t\t\t<\/div>\n\t\t<\/div>\n\t\t\t\t\t<\/div>\n\t\t<\/section>\n\t\t\t\t<\/div>\n\t\t","protected":false},"excerpt":{"rendered":"<p>Gliders V\u00e9hicules sous-marins autonomes Les gliders sont des v\u00e9hicules sous-marins autonomes d\u00e9pourvus d\u2019h\u00e9lices ou de propulseurs traditionnels qui avancent et se dirigent en modifiant leur flottabilit\u00e9 et la r\u00e9partition interne de leur poids. Cette particularit\u00e9 leur permet de prendre des mesures dans un environnement silencieux et augmente leur autonomie en mer. Ces v\u00e9hicules permettent de&hellip;&nbsp;<a href=\"https:\/\/info.euskoos.eus\/fr\/gliders\/\" rel=\"bookmark\">Read More &raquo;<span class=\"screen-reader-text\">Gliders<\/span><\/a><\/p>\n","protected":false},"author":2,"featured_media":0,"parent":0,"menu_order":0,"comment_status":"closed","ping_status":"closed","template":"page-templates\/template-pagebuilder-full-width.php","meta":{"neve_meta_sidebar":"","neve_meta_container":"","neve_meta_enable_content_width":"","neve_meta_content_width":0,"neve_meta_title_alignment":"","neve_meta_author_avatar":"","neve_post_elements_order":"","neve_meta_disable_header":"","neve_meta_disable_footer":"","neve_meta_disable_title":"on","neve_meta_reading_time":"","_themeisle_gutenberg_block_has_review":false,"_ti_tpc_template_sync":false,"_ti_tpc_template_id":"","footnotes":""},"class_list":["post-931","page","type-page","status-publish","hentry"],"_links":{"self":[{"href":"https:\/\/info.euskoos.eus\/fr\/wp-json\/wp\/v2\/pages\/931\/"}],"collection":[{"href":"https:\/\/info.euskoos.eus\/fr\/wp-json\/wp\/v2\/pages\/"}],"about":[{"href":"https:\/\/info.euskoos.eus\/fr\/wp-json\/wp\/v2\/types\/page\/"}],"author":[{"embeddable":true,"href":"https:\/\/info.euskoos.eus\/fr\/wp-json\/wp\/v2\/users\/2\/"}],"replies":[{"embeddable":true,"href":"https:\/\/info.euskoos.eus\/fr\/wp-json\/wp\/v2\/comments\/?post=931"}],"version-history":[{"count":3,"href":"https:\/\/info.euskoos.eus\/fr\/wp-json\/wp\/v2\/pages\/931\/revisions\/"}],"predecessor-version":[{"id":934,"href":"https:\/\/info.euskoos.eus\/fr\/wp-json\/wp\/v2\/pages\/931\/revisions\/934\/"}],"wp:attachment":[{"href":"https:\/\/info.euskoos.eus\/fr\/wp-json\/wp\/v2\/media\/?parent=931"}],"curies":[{"name":"wp","href":"https:\/\/api.w.org\/{rel}","templated":true}]}}